{"id":7,"date":"2022-06-05T11:06:29","date_gmt":"2022-06-05T11:06:29","guid":{"rendered":"https:\/\/www.sezginpompa.com\/?page_id=7"},"modified":"2024-04-30T10:07:59","modified_gmt":"2024-04-30T10:07:59","slug":"ana-sayfa","status":"publish","type":"page","link":"https:\/\/www.sezginpompa.com\/","title":{"rendered":"Ana Sayfa"},"content":{"rendered":"<h3 style=\"text-align: center;\">Web Sitemiz Yap\u0131m A\u015famas\u0131ndad\u0131r !<\/h3>\n<h3 style=\"text-align: center;\">Sezgin Pompa<\/h3>\n<h3 style=\"text-align: center;\">0532 467 23 46<\/h3>\n<hr \/>\n<p>&nbsp;<\/p>\n","protected":false},"excerpt":{"rendered":"<p>Web Sitemiz Yap\u0131m A\u015famas\u0131ndad\u0131r ! Sezgin Pompa 0532 467 23 46 &nbsp;<\/p>\n","protected":false},"author":2,"featured_media":0,"parent":0,"menu_order":0,"comment_status":"closed","ping_status":"closed","template":"pages\/home.php","meta":{"footnotes":""},"class_list":["post-7","page","type-page","status-publish","hentry"],"_links":{"self":[{"href":"https:\/\/www.sezginpompa.com\/index.php?rest_route=\/wp\/v2\/pages\/7","targetHints":{"allow":["GET"]}}],"collection":[{"href":"https:\/\/www.sezginpompa.com\/index.php?rest_route=\/wp\/v2\/pages"}],"about":[{"href":"https:\/\/www.sezginpompa.com\/index.php?rest_route=\/wp\/v2\/types\/page"}],"author":[{"embeddable":true,"href":"https:\/\/www.sezginpompa.com\/index.php?rest_route=\/wp\/v2\/users\/2"}],"replies":[{"embeddable":true,"href":"https:\/\/www.sezginpompa.com\/index.php?rest_route=%2Fwp%2Fv2%2Fcomments&post=7"}],"version-history":[{"count":3,"href":"https:\/\/www.sezginpompa.com\/index.php?rest_route=\/wp\/v2\/pages\/7\/revisions"}],"predecessor-version":[{"id":241,"href":"https:\/\/www.sezginpompa.com\/index.php?rest_route=\/wp\/v2\/pages\/7\/revisions\/241"}],"wp:attachment":[{"href":"https:\/\/www.sezginpompa.com\/index.php?rest_route=%2Fwp%2Fv2%2Fmedia&parent=7"}],"curies":[{"name":"wp","href":"https:\/\/api.w.org\/{rel}","templated":true}]}}